{"id":1411,"date":"2019-06-03T05:11:04","date_gmt":"2019-06-03T08:11:04","guid":{"rendered":"http:\/\/cgepic.com\/?page_id=1411"},"modified":"2022-08-18T18:14:15","modified_gmt":"2022-08-18T21:14:15","slug":"homepage","status":"publish","type":"page","link":"https:\/\/cgepic.com\/pt\/","title":{"rendered":"Bem vindo!"},"content":{"rendered":"[et_pb_section fb_built=&#8221;1&#8243; _builder_version=&#8221;4.16&#8243; use_background_color_gradient=&#8221;on&#8221; background_color_gradient_type=&#8221;circular&#8221; background_color_gradient_stops=&#8221;rgba(35,178,146,0.9) 0%|#056183 100%&#8221; background_color_gradient_overlays_image=&#8221;on&#8221; background_color_gradient_start=&#8221;rgba(35,178,146,0.9)&#8221; background_color_gradient_end=&#8221;#056183&#8243; background_image=&#8221;http:\/\/cgepic.com\/wp-content\/uploads\/2019\/06\/TaleryRenderEEVEE.jpg&#8221; custom_padding=&#8221;17px||53px||false|&#8221; bottom_divider_height=&#8221;60px&#8221; bottom_divider_flip=&#8221;horizontal&#8221; global_colors_info=&#8221;{}&#8221;][et_pb_row _builder_version=&#8221;4.16&#8243; width=&#8221;95%&#8221; max_width=&#8221;1200px&#8221; global_colors_info=&#8221;{}&#8221;][et_pb_column type=&#8221;4_4&#8243; _builder_version=&#8221;4.16&#8243; custom_padding=&#8221;|||&#8221; global_colors_info=&#8221;{}&#8221; custom_padding__hover=&#8221;|||&#8221;][et_pb_text _builder_version=&#8221;4.16&#8243; text_font=&#8221;||||||||&#8221; text_text_color=&#8221;#FFFFFF&#8221; text_font_size=&#8221;23px&#8221; header_font=&#8221;||||||||&#8221; header_2_font=&#8221;Bree Serif|||on|||||&#8221; header_2_text_color=&#8221;#FFFFFF&#8221; header_2_font_size=&#8221;42px&#8221; header_3_font=&#8221;Salsa||||||||&#8221; header_3_text_color=&#8221;#FFFFFF&#8221; text_orientation=&#8221;center&#8221; custom_padding=&#8221;||17px&#8221; animation_direction=&#8221;bottom&#8221; text_text_align=&#8221;center&#8221; global_colors_info=&#8221;{}&#8221;]\n<h2>Postagens Recentes \u00a0<i class=\"fas fa-rss\"><\/i><\/h2>\nConfira 6 posts mais recentes e tenha uma boa leitura![\/et_pb_text][et_pb_blog fullwidth=&#8221;off&#8221; posts_number=&#8221;6&#8243; include_categories=&#8221;all&#8221; use_manual_excerpt=&#8221;off&#8221; excerpt_length=&#8221;140&#8243; show_more=&#8221;on&#8221; show_author=&#8221;off&#8221; show_date=&#8221;off&#8221; show_categories=&#8221;off&#8221; show_excerpt=&#8221;off&#8221; show_pagination=&#8221;off&#8221; use_overlay=&#8221;on&#8221; overlay_icon_color=&#8221;#ffffff&#8221; hover_overlay_color=&#8221;rgba(40,137,174,0.3)&#8221; hover_icon=&#8221;&#xe02c;||divi||400&#8243; masonry_tile_background_color=&#8221;#ffffff&#8221; _builder_version=&#8221;4.16&#8243; header_font=&#8221;|700||on|||||&#8221; header_text_align=&#8221;center&#8221; header_text_color=&#8221;#075979&#8243; body_font=&#8221;||||||||&#8221; body_text_align=&#8221;center&#8221; meta_font=&#8221;||||||||&#8221; read_more_font=&#8221;||||||||&#8221; read_more_text_color=&#8221;#61afcd&#8221; pagination_font=&#8221;||||||||&#8221; animation_direction=&#8221;bottom&#8221; border_radii=&#8221;on|10px|10px|10px|10px&#8221; border_width_all=&#8221;0px&#8221; box_shadow_style=&#8221;preset3&#8243; global_colors_info=&#8221;{}&#8221;][\/et_pb_blog][et_pb_button button_url=&#8221;http:\/\/cgepic.com\/blog\/&#8221; url_new_window=&#8221;on&#8221; button_text=&#8221;Navegar no Blog&#8221; button_alignment=&#8221;center&#8221; _builder_version=&#8221;4.16&#8243; custom_button=&#8221;on&#8221; button_text_size=&#8221;20px&#8221; button_text_color=&#8221;#FFFFFF&#8221; button_bg_color=&#8221;rgba(0,0,0,0.35)&#8221; button_bg_color_gradient_stops=&#8221;#FF9D32 0%|#C14903 100%&#8221; button_bg_color_gradient_start=&#8221;#FF9D32&#8243; button_bg_color_gradient_end=&#8221;#C14903&#8243; button_border_width=&#8221;2px&#8221; button_border_color=&#8221;rgba(0,0,0,0)&#8221; button_border_radius=&#8221;8px&#8221; button_letter_spacing=&#8221;3px&#8221; button_font=&#8221;|600||on|||||&#8221; button_icon=&#8221;&#xe602;||divi||400&#8243; animation_direction=&#8221;bottom&#8221; box_shadow_style=&#8221;preset3&#8243; global_colors_info=&#8221;{}&#8221; button_bg_color__hover=&#8221;#023244&#8243; button_bg_color__hover_enabled=&#8221;on&#8221; button_border_color__hover=&#8221;#5ECFB6&#8243; button_border_color__hover_enabled=&#8221;on&#8221;][\/et_pb_button][\/et_pb_column][\/et_pb_row][\/et_pb_section][et_pb_section fb_built=&#8221;1&#8243; admin_label=&#8221;Youtube Videos&#8221; _builder_version=&#8221;4.16&#8243; background_color=&#8221;#FAFAFA&#8221; custom_padding=&#8221;17px||17px||true&#8221; global_colors_info=&#8221;{}&#8221;][et_pb_row _builder_version=&#8221;4.16&#8243; global_colors_info=&#8221;{}&#8221;][et_pb_column type=&#8221;4_4&#8243; _builder_version=&#8221;4.16&#8243; custom_padding=&#8221;|||&#8221; global_colors_info=&#8221;{}&#8221; custom_padding__hover=&#8221;|||&#8221;][et_pb_text admin_label=&#8221;Text&#8221; _builder_version=&#8221;4.16&#8243; text_font=&#8221;||||||||&#8221; text_text_color=&#8221;#565656&#8243; text_font_size=&#8221;23px&#8221; header_font=&#8221;||||||||&#8221; header_text_color=&#8221;#e02b20&#8243; header_2_font=&#8221;Oswald||||||||&#8221; header_2_text_color=&#8221;#e02b20&#8243; header_2_font_size=&#8221;42px&#8221; header_3_font=&#8221;Salsa||||||||&#8221; header_3_text_color=&#8221;#FFFFFF&#8221; text_orientation=&#8221;center&#8221; animation_direction=&#8221;bottom&#8221; text_text_align=&#8221;center&#8221; global_colors_info=&#8221;{}&#8221;]\n<h2>V\u00eddeos do YouTube <i class=\"fab fa-youtube\"><\/i><\/h2>\nInscreva-se nos canais abaixo e assista aos tutoriais e anima\u00e7\u00f5es \u00e9picas no Youtube!\n[\/et_pb_text][\/et_pb_column][\/et_pb_row][et_pb_row column_structure=&#8221;1_2,1_2&#8243; _builder_version=&#8221;4.16&#8243; width=&#8221;95%&#8221; max_width=&#8221;1200px&#8221; global_colors_info=&#8221;{}&#8221;][et_pb_column type=&#8221;1_2&#8243; _builder_version=&#8221;4.16&#8243; custom_padding=&#8221;|||&#8221; global_colors_info=&#8221;{}&#8221; custom_padding__hover=&#8221;|||&#8221;][et_pb_video src=&#8221;https:\/\/www.youtube.com\/playlist?list=UU8M_-TMsRjUEP7jgA-9-7pw&#8221; _builder_version=&#8221;4.16&#8243; animation_direction=&#8221;bottom&#8221; box_shadow_style=&#8221;preset3&#8243; global_colors_info=&#8221;{}&#8221;][\/et_pb_video][et_pb_button button_url=&#8221;https:\/\/www.youtube.com\/channel\/UC8M_-TMsRjUEP7jgA-9-7pw?sub_confirmation=1&#8243; url_new_window=&#8221;on&#8221; button_text=&#8221;Inscreva-se&#8221; button_alignment=&#8221;center&#8221; _builder_version=&#8221;4.16&#8243; custom_button=&#8221;on&#8221; button_text_size=&#8221;18px&#8221; button_text_color=&#8221;#FFFFFF&#8221; button_bg_color=&#8221;rgba(0,0,0,0.35)&#8221; button_bg_color_gradient_stops=&#8221;#FF9D32 0%|#C14903 100%&#8221; button_bg_color_gradient_start=&#8221;#FF9D32&#8243; button_bg_color_gradient_end=&#8221;#C14903&#8243; button_border_width=&#8221;2px&#8221; button_border_color=&#8221;rgba(0,0,0,0)&#8221; button_border_radius=&#8221;8px&#8221; button_letter_spacing=&#8221;3px&#8221; button_font=&#8221;|600||on|||||&#8221; button_icon=&#8221;&#xe0a3;||divi||400&#8243; animation_direction=&#8221;bottom&#8221; box_shadow_style=&#8221;preset3&#8243; global_colors_info=&#8221;{}&#8221; button_bg_color__hover=&#8221;#e02b20&#8243; button_bg_color__hover_enabled=&#8221;on&#8221; button_border_color__hover=&#8221;rgba(0,0,0,0)&#8221; button_border_color__hover_enabled=&#8221;on&#8221;][\/et_pb_button][\/et_pb_column][et_pb_column type=&#8221;1_2&#8243; _builder_version=&#8221;4.16&#8243; custom_padding=&#8221;|||&#8221; global_colors_info=&#8221;{}&#8221; custom_padding__hover=&#8221;|||&#8221;][et_pb_video src=&#8221;https:\/\/www.youtube.com\/playlist?list=UUYiY91ChxUipHnAutVYKVvQ&#8221; _builder_version=&#8221;4.16&#8243; animation_direction=&#8221;bottom&#8221; box_shadow_style=&#8221;preset3&#8243; global_colors_info=&#8221;{}&#8221;][\/et_pb_video][et_pb_button button_url=&#8221;https:\/\/www.youtube.com\/channel\/UCYiY91ChxUipHnAutVYKVvQ?sub_confirmation=1&#8243; url_new_window=&#8221;on&#8221; button_text=&#8221;Inscreva-se&#8221; button_alignment=&#8221;center&#8221; _builder_version=&#8221;4.16&#8243; custom_button=&#8221;on&#8221; button_text_size=&#8221;18px&#8221; button_text_color=&#8221;#FFFFFF&#8221; button_bg_color=&#8221;rgba(0,0,0,0.35)&#8221; button_bg_color_gradient_stops=&#8221;#FF9D32 0%|#C14903 100%&#8221; button_bg_color_gradient_start=&#8221;#FF9D32&#8243; button_bg_color_gradient_end=&#8221;#C14903&#8243; button_border_width=&#8221;2px&#8221; button_border_color=&#8221;rgba(0,0,0,0)&#8221; button_border_radius=&#8221;8px&#8221; button_letter_spacing=&#8221;3px&#8221; button_font=&#8221;|600||on|||||&#8221; button_icon=&#8221;&#xe0a3;||divi||400&#8243; animation_direction=&#8221;bottom&#8221; box_shadow_style=&#8221;preset3&#8243; global_colors_info=&#8221;{}&#8221; button_bg_color__hover=&#8221;#e02b20&#8243; button_bg_color__hover_enabled=&#8221;on&#8221; button_border_color__hover=&#8221;rgba(0,0,0,0)&#8221; button_border_color__hover_enabled=&#8221;on&#8221;][\/et_pb_button][\/et_pb_column][\/et_pb_row][\/et_pb_section][et_pb_section fb_built=&#8221;1&#8243; admin_label=&#8221;Freebies&#8221; _builder_version=&#8221;4.16&#8243; use_background_color_gradient=&#8221;on&#8221; background_color_gradient_type=&#8221;circular&#8221; background_color_gradient_stops=&#8221;rgba(255,157,50,0.9) 0%|#FF4132 100%&#8221; background_color_gradient_overlays_image=&#8221;on&#8221; background_color_gradient_start=&#8221;rgba(255,157,50,0.9)&#8221; background_color_gradient_end=&#8221;#FF4132&#8243; background_image=&#8221;http:\/\/cgepic.com\/wp-content\/uploads\/2019\/06\/bouncing_balls_pixabay.jpg&#8221; custom_padding=&#8221;24px||45px||false|&#8221; top_divider_height=&#8221;60px&#8221; global_colors_info=&#8221;{}&#8221;][et_pb_row _builder_version=&#8221;4.16&#8243; global_colors_info=&#8221;{}&#8221;][et_pb_column type=&#8221;4_4&#8243; _builder_version=&#8221;4.16&#8243; custom_padding=&#8221;|||&#8221; global_colors_info=&#8221;{}&#8221; custom_padding__hover=&#8221;|||&#8221;][et_pb_text _builder_version=&#8221;4.16&#8243; text_font=&#8221;||||||||&#8221; text_text_color=&#8221;#FFFFFF&#8221; text_font_size=&#8221;23px&#8221; header_font=&#8221;||||||||&#8221; header_2_font=&#8221;Salsa||||||||&#8221; header_2_text_color=&#8221;#FFFFFF&#8221; header_2_font_size=&#8221;42px&#8221; header_3_font=&#8221;Salsa||||||||&#8221; header_3_text_color=&#8221;#FFFFFF&#8221; text_orientation=&#8221;center&#8221; animation_direction=&#8221;bottom&#8221; text_text_align=&#8221;center&#8221; global_colors_info=&#8221;{}&#8221;]\n<h2>Freebies! <i class=\"fab fa-creative-commons\"><\/i><\/h2>\nObtenha conte\u00fado \u00e9pico para o seu projeto gratuitamente! <\/p>\n[\/et_pb_text][\/et_pb_column][\/et_pb_row][et_pb_row column_structure=&#8221;1_2,1_2&#8243; _builder_version=&#8221;4.16&#8243; width=&#8221;95%&#8221; max_width=&#8221;720px&#8221; custom_padding=&#8221;||40px&#8221; global_colors_info=&#8221;{}&#8221;][et_pb_column type=&#8221;1_2&#8243; _builder_version=&#8221;4.16&#8243; custom_padding=&#8221;|||&#8221; global_colors_info=&#8221;{}&#8221; custom_padding__hover=&#8221;|||&#8221;][et_pb_image src=&#8221;http:\/\/cgepic.com\/wp-content\/uploads\/2019\/10\/pixabay-logo-180px.png&#8221; url=&#8221;https:\/\/pixabay.com\/pt\/users\/cgepic-340102\/&#8221; url_new_window=&#8221;on&#8221; align=&#8221;center&#8221; _builder_version=&#8221;4.16&#8243; animation_direction=&#8221;bottom&#8221; global_colors_info=&#8221;{}&#8221;][\/et_pb_image][et_pb_button button_url=&#8221;https:\/\/pixabay.com\/pt\/users\/cgepic-340102\/&#8221; url_new_window=&#8221;on&#8221; button_text=&#8221;Obtenha renderiza\u00e7\u00f5es!&#8221; button_alignment=&#8221;center&#8221; _builder_version=&#8221;4.16&#8243; custom_button=&#8221;on&#8221; button_text_size=&#8221;18px&#8221; button_text_color=&#8221;#FFFFFF&#8221; button_bg_color=&#8221;rgba(0,0,0,0.35)&#8221; button_bg_color_gradient_stops=&#8221;#FF9D32 0%|#C14903 100%&#8221; button_bg_color_gradient_start=&#8221;#FF9D32&#8243; button_bg_color_gradient_end=&#8221;#C14903&#8243; button_border_width=&#8221;2px&#8221; button_border_color=&#8221;rgba(0,0,0,0)&#8221; button_border_radius=&#8221;8px&#8221; button_letter_spacing=&#8221;3px&#8221; button_font=&#8221;|600||on|||||&#8221; button_icon=&#8221;&#xe004;||divi||400&#8243; animation_direction=&#8221;bottom&#8221; box_shadow_style=&#8221;preset3&#8243; global_colors_info=&#8221;{}&#8221; button_bg_color__hover=&#8221;#6D0800&#8243; button_bg_color__hover_enabled=&#8221;on&#8221; button_border_color__hover=&#8221;#FF9D32&#8243; button_border_color__hover_enabled=&#8221;on&#8221;][\/et_pb_button][\/et_pb_column][et_pb_column type=&#8221;1_2&#8243; _builder_version=&#8221;4.16&#8243; custom_padding=&#8221;|||&#8221; global_colors_info=&#8221;{}&#8221; custom_padding__hover=&#8221;|||&#8221;][et_pb_image src=&#8221;http:\/\/cgepic.com\/wp-content\/uploads\/2019\/10\/logo-sketchfab-white-180px.png&#8221; url=&#8221;https:\/\/sketchfab.com\/cgepic\/collections\/freebies&#8221; url_new_window=&#8221;on&#8221; align=&#8221;center&#8221; _builder_version=&#8221;4.16&#8243; animation_direction=&#8221;bottom&#8221; global_colors_info=&#8221;{}&#8221;][\/et_pb_image][et_pb_button button_url=&#8221;https:\/\/sketchfab.com\/cgepic\/collections\/freebies&#8221; url_new_window=&#8221;on&#8221; button_text=&#8221;Obtenha modelos 3D!&#8221; button_alignment=&#8221;center&#8221; _builder_version=&#8221;4.16&#8243; custom_button=&#8221;on&#8221; button_text_size=&#8221;18px&#8221; button_text_color=&#8221;#FFFFFF&#8221; button_bg_color=&#8221;rgba(0,0,0,0.35)&#8221; button_bg_color_gradient_stops=&#8221;#FF9D32 0%|#C14903 100%&#8221; button_bg_color_gradient_start=&#8221;#FF9D32&#8243; button_bg_color_gradient_end=&#8221;#C14903&#8243; button_border_width=&#8221;2px&#8221; button_border_color=&#8221;rgba(0,0,0,0)&#8221; button_border_radius=&#8221;8px&#8221; button_letter_spacing=&#8221;3px&#8221; button_font=&#8221;|600||on|||||&#8221; button_icon=&#8221;&#xe004;||divi||400&#8243; animation_direction=&#8221;bottom&#8221; box_shadow_style=&#8221;preset3&#8243; global_colors_info=&#8221;{}&#8221; button_bg_color__hover=&#8221;#6D0800&#8243; button_bg_color__hover_enabled=&#8221;on&#8221; button_border_color__hover=&#8221;#FF9D32&#8243; button_border_color__hover_enabled=&#8221;on&#8221;][\/et_pb_button][\/et_pb_column][\/et_pb_row][\/et_pb_section]","protected":false},"excerpt":{"rendered":"<p>Postagens Recentes \u00a0 Confira 6 posts mais recentes e tenha uma boa leitura!V\u00eddeos do YouTube Inscreva-se nos canais abaixo e assista aos tutoriais e anima\u00e7\u00f5es \u00e9picas no Youtube!Freebies! Obtenha conte\u00fado \u00e9pico para o seu projeto gratuitamente!<\/p>\n","protected":false},"author":1,"featured_media":0,"parent":0,"menu_order":0,"comment_status":"closed","ping_status":"closed","template":"page-template-fullwidth.php","meta":{"_et_pb_use_builder":"on","_et_pb_old_content":"","_et_gb_content_width":"","footnotes":""},"yoast_head":"<!-- This site is optimized with the Yoast SEO plugin v19.5.1 - https:\/\/yoast.com\/wordpress\/plugins\/seo\/ -->\n<title>Bem vindo! - CG Epic<\/title>\n<meta name=\"robots\" content=\"index, follow, max-snippet:-1, max-image-preview:large, max-video-preview:-1\" \/>\n<link rel=\"canonical\" href=\"https:\/\/cgepic.com\/en\/\" \/>\n<meta property=\"og:locale\" content=\"pt_BR\" \/>\n<meta property=\"og:type\" content=\"article\" \/>\n<meta property=\"og:title\" content=\"Bem vindo! - CG Epic\" \/>\n<meta property=\"og:description\" content=\"Postagens Recentes \u00a0 Confira 6 posts mais recentes e tenha uma boa leitura!V\u00eddeos do YouTube Inscreva-se nos canais abaixo e assista aos tutoriais e anima\u00e7\u00f5es \u00e9picas no Youtube!Freebies! Obtenha conte\u00fado \u00e9pico para o seu projeto gratuitamente!\" \/>\n<meta property=\"og:url\" content=\"https:\/\/cgepic.com\/en\/\" \/>\n<meta property=\"og:site_name\" content=\"CG Epic\" \/>\n<meta property=\"article:modified_time\" content=\"2022-08-18T21:14:15+00:00\" \/>\n<meta name=\"twitter:card\" content=\"summary_large_image\" \/>\n<meta name=\"twitter:label1\" content=\"Est. tempo de leitura\" \/>\n\t<meta name=\"twitter:data1\" content=\"2 minutos\" \/>\n<script type=\"application\/ld+json\" class=\"yoast-schema-graph\">{\"@context\":\"https:\/\/schema.org\",\"@graph\":[{\"@type\":\"WebPage\",\"@id\":\"https:\/\/cgepic.com\/en\/\",\"url\":\"https:\/\/cgepic.com\/en\/\",\"name\":\"Bem vindo! - CG Epic\",\"isPartOf\":{\"@id\":\"https:\/\/cgepic.com\/en\/#website\"},\"datePublished\":\"2019-06-03T08:11:04+00:00\",\"dateModified\":\"2022-08-18T21:14:15+00:00\",\"breadcrumb\":{\"@id\":\"https:\/\/cgepic.com\/en\/#breadcrumb\"},\"inLanguage\":\"pt-BR\",\"potentialAction\":[{\"@type\":\"ReadAction\",\"target\":[\"https:\/\/cgepic.com\/en\/\"]}]},{\"@type\":\"BreadcrumbList\",\"@id\":\"https:\/\/cgepic.com\/en\/#breadcrumb\",\"itemListElement\":[{\"@type\":\"ListItem\",\"position\":1,\"name\":\"Home\",\"item\":\"https:\/\/cgepic.com\/en\/\"},{\"@type\":\"ListItem\",\"position\":2,\"name\":\"Welcome!\"}]},{\"@type\":\"WebSite\",\"@id\":\"https:\/\/cgepic.com\/en\/#website\",\"url\":\"https:\/\/cgepic.com\/en\/\",\"name\":\"CG Epic\",\"description\":\"O blog \u00e9pico da Computa\u00e7\u00e3o Gr\u00e1fica!\",\"potentialAction\":[{\"@type\":\"SearchAction\",\"target\":{\"@type\":\"EntryPoint\",\"urlTemplate\":\"https:\/\/cgepic.com\/en\/?s={search_term_string}\"},\"query-input\":\"required name=search_term_string\"}],\"inLanguage\":\"pt-BR\"}]}<\/script>\n<!-- \/ Yoast SEO plugin. -->","yoast_head_json":{"title":"Bem vindo! - CG Epic","robots":{"index":"index","follow":"follow","max-snippet":"max-snippet:-1","max-image-preview":"max-image-preview:large","max-video-preview":"max-video-preview:-1"},"canonical":"https:\/\/cgepic.com\/en\/","og_locale":"pt_BR","og_type":"article","og_title":"Bem vindo! - CG Epic","og_description":"Postagens Recentes \u00a0 Confira 6 posts mais recentes e tenha uma boa leitura!V\u00eddeos do YouTube Inscreva-se nos canais abaixo e assista aos tutoriais e anima\u00e7\u00f5es \u00e9picas no Youtube!Freebies! Obtenha conte\u00fado \u00e9pico para o seu projeto gratuitamente!","og_url":"https:\/\/cgepic.com\/en\/","og_site_name":"CG Epic","article_modified_time":"2022-08-18T21:14:15+00:00","twitter_card":"summary_large_image","twitter_misc":{"Est. tempo de leitura":"2 minutos"},"schema":{"@context":"https:\/\/schema.org","@graph":[{"@type":"WebPage","@id":"https:\/\/cgepic.com\/en\/","url":"https:\/\/cgepic.com\/en\/","name":"Bem vindo! - CG Epic","isPartOf":{"@id":"https:\/\/cgepic.com\/en\/#website"},"datePublished":"2019-06-03T08:11:04+00:00","dateModified":"2022-08-18T21:14:15+00:00","breadcrumb":{"@id":"https:\/\/cgepic.com\/en\/#breadcrumb"},"inLanguage":"pt-BR","potentialAction":[{"@type":"ReadAction","target":["https:\/\/cgepic.com\/en\/"]}]},{"@type":"BreadcrumbList","@id":"https:\/\/cgepic.com\/en\/#breadcrumb","itemListElement":[{"@type":"ListItem","position":1,"name":"Home","item":"https:\/\/cgepic.com\/en\/"},{"@type":"ListItem","position":2,"name":"Welcome!"}]},{"@type":"WebSite","@id":"https:\/\/cgepic.com\/en\/#website","url":"https:\/\/cgepic.com\/en\/","name":"CG Epic","description":"O blog \u00e9pico da Computa\u00e7\u00e3o Gr\u00e1fica!","potentialAction":[{"@type":"SearchAction","target":{"@type":"EntryPoint","urlTemplate":"https:\/\/cgepic.com\/en\/?s={search_term_string}"},"query-input":"required name=search_term_string"}],"inLanguage":"pt-BR"}]}},"_links":{"self":[{"href":"https:\/\/cgepic.com\/pt\/wp-json\/wp\/v2\/pages\/1411"}],"collection":[{"href":"https:\/\/cgepic.com\/pt\/wp-json\/wp\/v2\/pages"}],"about":[{"href":"https:\/\/cgepic.com\/pt\/wp-json\/wp\/v2\/types\/page"}],"author":[{"embeddable":true,"href":"https:\/\/cgepic.com\/pt\/wp-json\/wp\/v2\/users\/1"}],"replies":[{"embeddable":true,"href":"https:\/\/cgepic.com\/pt\/wp-json\/wp\/v2\/comments?post=1411"}],"version-history":[{"count":39,"href":"https:\/\/cgepic.com\/pt\/wp-json\/wp\/v2\/pages\/1411\/revisions"}],"predecessor-version":[{"id":1945,"href":"https:\/\/cgepic.com\/pt\/wp-json\/wp\/v2\/pages\/1411\/revisions\/1945"}],"wp:attachment":[{"href":"https:\/\/cgepic.com\/pt\/wp-json\/wp\/v2\/media?parent=1411"}],"curies":[{"name":"wp","href":"https:\/\/api.w.org\/{rel}","templated":true}]}}