{"id":1148,"date":"2019-05-11T20:05:12","date_gmt":"2019-05-11T23:05:12","guid":{"rendered":"http:\/\/cgepic.com\/?page_id=1148"},"modified":"2019-06-24T17:20:43","modified_gmt":"2019-06-24T20:20:43","slug":"site-credits","status":"publish","type":"page","link":"https:\/\/cgepic.com\/pt\/site-credits\/","title":{"rendered":"Cr\u00e9ditos do Site"},"content":{"rendered":"[et_pb_section fb_built=&#8221;1&#8243; admin_label=&#8221;Intro Fullwidth&#8221; _builder_version=&#8221;3.22.7&#8243; use_background_color_gradient=&#8221;on&#8221; background_color_gradient_start=&#8221;#056183&#8243; background_color_gradient_end=&#8221;#23b292&#8243; custom_padding=&#8221;20px||20px&#8221;][et_pb_row _builder_version=&#8221;3.22.7&#8243; background_size=&#8221;initial&#8221; background_position=&#8221;top_left&#8221; background_repeat=&#8221;repeat&#8221; max_width=&#8221;640px&#8221; module_alignment=&#8221;center&#8221;][et_pb_column type=&#8221;4_4&#8243; _builder_version=&#8221;3.0.47&#8243;][et_pb_text _builder_version=&#8221;3.23.3&#8243; text_font=&#8221;||||||||&#8221; background_size=&#8221;initial&#8221; background_position=&#8221;top_left&#8221; background_repeat=&#8221;repeat&#8221; background_layout=&#8221;dark&#8221; animation_style=&#8221;fade&#8221;]\n<h1 style=\"text-align: center;\">Conhe\u00e7a os Nossos Recursos!<\/h1>\n<p style=\"text-align: center;\">Gra\u00e7as ao excelente trabalho de todos os desenvolvedores de servi\u00e7os, CMS, temas e plugins que a CG Epic est\u00e1 usando esses recursos para tornar o site mais agrad\u00e1vel de navegar! Ent\u00e3o confira esta lista para que voc\u00ea conhece e us\u00e1-los!\n[\/et_pb_text][\/et_pb_column][\/et_pb_row][\/et_pb_section][et_pb_section fb_built=&#8221;1&#8243; admin_label=&#8221;Main Resources&#8221; _builder_version=&#8221;3.22.7&#8243; custom_padding=&#8221;20px||20px&#8221; collapsed=&#8221;off&#8221;][et_pb_row admin_label=&#8221;Title&#8221; _builder_version=&#8221;3.22.7&#8243;][et_pb_column type=&#8221;4_4&#8243; _builder_version=&#8221;3.22.7&#8243;][et_pb_text _builder_version=&#8221;3.23.3&#8243; text_font=&#8221;||||||||&#8221; text_orientation=&#8221;center&#8221; animation_style=&#8221;fade&#8221;]\n<h2>Principais Recursos<\/h2>\n[\/et_pb_text][et_pb_divider _builder_version=&#8221;3.22.7&#8243; animation_style=&#8221;fade&#8221;][\/et_pb_divider][\/et_pb_column][\/et_pb_row][et_pb_row admin_label=&#8221;Resource List&#8221; _builder_version=&#8221;3.22.7&#8243;][et_pb_column type=&#8221;1_3&#8243; _builder_version=&#8221;3.22.7&#8243;][et_pb_team_member name=&#8221;Hostgator&#8221; position=&#8221;Webhost&#8221; image_url=&#8221;http:\/\/cgepic.com\/wp-content\/uploads\/2019\/05\/hostgator-logo-180px.png&#8221; admin_label=&#8221;Hostgator&#8221; _builder_version=&#8221;3.22.7&#8243; text_orientation=&#8221;center&#8221; animation_style=&#8221;fade&#8221; link_option_url=&#8221;https:\/\/www.hostgator.com.br\/582.html&#8221; link_option_url_new_window=&#8221;on&#8221;]\n<p>A HostGator \u00e9 uma empresa que presta servi\u00e7os de hospedagem de sites, revendas de hospedagem, servidores virtuais privados e servidores dedicados.<\/p>\n<p>Como cliente da HostGator, j\u00e1 experienciamos uma qualidade s\u00f3lida do suporte at\u00e9 no gerenciamento completo da hospedagem.<\/p>\n[\/et_pb_team_member][\/et_pb_column][et_pb_column type=&#8221;1_3&#8243; _builder_version=&#8221;3.22.7&#8243;][et_pb_team_member name=&#8221;Wordpress&#8221; position=&#8221;Content Management System&#8221; image_url=&#8221;http:\/\/cgepic.com\/wp-content\/uploads\/2019\/05\/wordpress-logo-180px.png&#8221; admin_label=&#8221;Wordpress&#8221; _builder_version=&#8221;3.22.7&#8243; text_orientation=&#8221;center&#8221; animation_style=&#8221;fade&#8221; link_option_url=&#8221;https:\/\/wordpress.org\/&#8221; link_option_url_new_window=&#8221;on&#8221;]\nWordpress \u00e9 o mais conhecido sistema CMS da internet, projetado para criar e modificar conte\u00fados de blogs e site sem voc\u00ea precisar ser um expert em desenvolvimento de web.<\/p>\n<p>O gerenciamento \u00e9 bem simples e otimizado para os padr\u00f5es atuais da web. Ainda podemos contar com temas e plugins que melhoram a experi\u00eancia do criador e usu\u00e1rio.\n[\/et_pb_team_member][\/et_pb_column][et_pb_column type=&#8221;1_3&#8243; _builder_version=&#8221;3.22.7&#8243;][et_pb_team_member name=&#8221;Elegant Themes: Extra&#8221; position=&#8221;Wordpress Theme&#8221; image_url=&#8221;http:\/\/cgepic.com\/wp-content\/uploads\/2019\/05\/elegant-themes-logo-180px.png&#8221; admin_label=&#8221;Elegant Themes: Extra&#8221; _builder_version=&#8221;3.22.7&#8243; text_orientation=&#8221;center&#8221; animation_style=&#8221;fade&#8221; link_option_url=&#8221;https:\/\/www.elegantthemes.com\/affiliates\/idevaffiliate.php?id=54667&#8243; link_option_url_new_window=&#8221;on&#8221;]\nEste \u00e9 o atual tema da Elegant Themes que estamos utilizando atualmente. \u00c9 um tema voltado para sites de not\u00edcias, por\u00e9m pode servir tamb\u00e9m para blogs e sites educativos.<\/p>\n<p>O tema traz um intuitivo e poderoso plugin que lhe permite gerenciar e criar layouts de p\u00e1ginas com facilidade.\n[\/et_pb_team_member][\/et_pb_column][\/et_pb_row][\/et_pb_section][et_pb_section fb_built=&#8221;1&#8243; admin_label=&#8221;Plugins&#8221; _builder_version=&#8221;3.22.7&#8243; custom_padding=&#8221;20px||20px&#8221; collapsed=&#8221;off&#8221;][et_pb_row admin_label=&#8221;Title&#8221; _builder_version=&#8221;3.22.7&#8243;][et_pb_column type=&#8221;4_4&#8243; _builder_version=&#8221;3.22.7&#8243;][et_pb_text _builder_version=&#8221;3.22.7&#8243; text_font=&#8221;||||||||&#8221; text_orientation=&#8221;center&#8221; animation_style=&#8221;fade&#8221;]\n<h2>Plugins de WordPress<\/h2>\n[\/et_pb_text][et_pb_divider _builder_version=&#8221;3.22.7&#8243; animation_style=&#8221;fade&#8221;][\/et_pb_divider][\/et_pb_column][\/et_pb_row][et_pb_row admin_label=&#8221;Resource List&#8221; _builder_version=&#8221;3.22.7&#8243; module_alignment=&#8221;center&#8221;][et_pb_column type=&#8221;1_2&#8243; _builder_version=&#8221;3.22.7&#8243;][et_pb_text admin_label=&#8221;Yoast SEO&#8221; _builder_version=&#8221;3.22.7&#8243; text_font=&#8221;||||||||&#8221; text_orientation=&#8221;center&#8221; animation_style=&#8221;fade&#8221; link_option_url=&#8221;https:\/\/yoast.com\/wordpress\/plugins\/seo\/&#8221; link_option_url_new_window=&#8221;on&#8221;]\n<h3><i class=\"fab fa-searchengin\"><\/i> Yoast SEO<\/h3>\n\u00c9 um dos plugins mais essenciais, com ferramentas que lhe ajudam a desenvolver e divulgar conte\u00fados com mais qualidade. Desta forma o site tende obter mais destaque e relev\u00e2ncia nas maiores plataformas de busca.\n[\/et_pb_text][\/et_pb_column][et_pb_column type=&#8221;1_2&#8243; _builder_version=&#8221;3.22.7&#8243;][et_pb_text admin_label=&#8221;Disqus&#8221; _builder_version=&#8221;3.22.7&#8243; text_font=&#8221;||||||||&#8221; text_orientation=&#8221;center&#8221; animation_style=&#8221;fade&#8221; link_option_url=&#8221;https:\/\/br.wordpress.org\/plugins\/disqus-comment-system\/&#8221; link_option_url_new_window=&#8221;on&#8221;]\n<h3><i class=\"fab fa-discourse\"><\/i> Disqus<\/h3>\nEsta \u00e9 uma das mais conhecidas plataformas de coment\u00e1rios para blogs e sites de not\u00edcias. O usu\u00e1rio registrado no Disqus, possui a vantagem de acompanhar os seus coment\u00e1rios de diversos sites, em uma \u00fanica conta.\n[\/et_pb_text][\/et_pb_column][\/et_pb_row][et_pb_row admin_label=&#8221;Resource List&#8221; _builder_version=&#8221;3.22.7&#8243; module_alignment=&#8221;center&#8221;][et_pb_column type=&#8221;1_3&#8243; _builder_version=&#8221;3.22.7&#8243;][et_pb_text admin_label=&#8221;GDPR Cookie Compliance&#8221; _builder_version=&#8221;3.22.7&#8243; text_font=&#8221;||||||||&#8221; text_orientation=&#8221;center&#8221; animation_style=&#8221;fade&#8221; link_option_url=&#8221;https:\/\/wordpress.org\/plugins\/gdpr-cookie-compliance\/&#8221; link_option_url_new_window=&#8221;on&#8221;]\n<h3><i class=\"fas fa-user-lock\"><\/i> GDPR Cookie Compliance<\/h3>\nEste plugin ajuda a criar elementos essenciais para fazer o site seguir as normas do Regulamento Geral sobre a Prote\u00e7\u00e3o de Dados (GDPR) da Uni\u00e3o Europeia.\n[\/et_pb_text][\/et_pb_column][et_pb_column type=&#8221;1_3&#8243; _builder_version=&#8221;3.22.7&#8243;][et_pb_text admin_label=&#8221;Font Awesome&#8221; _builder_version=&#8221;3.22.7&#8243; text_font=&#8221;||||||||&#8221; text_orientation=&#8221;center&#8221; animation_style=&#8221;fade&#8221; link_option_url=&#8221;https:\/\/wordpress.org\/plugins\/font-awesome\/&#8221; link_option_url_new_window=&#8221;on&#8221;]\n<h3><i class=\"fab fa-font-awesome\"><\/i> Font Awesome<\/h3>\nEste plugin \u00e9 um \u00f3timo aditivo que inclui \u00edcones aos textos do site. Diferente dos emojis, o Font Awesome possui uma vasta biblioteca de \u00edcones, inclusive de marcas bem conhecidas.\n[\/et_pb_text][\/et_pb_column][et_pb_column type=&#8221;1_3&#8243; _builder_version=&#8221;3.22.7&#8243;][et_pb_text admin_label=&#8221;qTranslate-X&#8221; _builder_version=&#8221;3.22.7&#8243; text_font=&#8221;||||||||&#8221; text_orientation=&#8221;center&#8221; animation_style=&#8221;fade&#8221; link_option_url=&#8221;https:\/\/br.wordpress.org\/plugins\/qtranslate-x\/&#8221; link_option_url_new_window=&#8221;on&#8221;]\n<h3><i class=\"fas fa-language\"><\/i> qTranslate-X<\/h3>\nEste plugin \u00e9 indispens\u00e1vel para o diferencial de suportar dois ou mais idiomas. O qTranslate-X ajuda a separar as tradu\u00e7\u00f5es e deixar definido ao visitante de acordo com as configura\u00e7\u00f5es do navegador ou atrav\u00e9s de links.\n[\/et_pb_text][\/et_pb_column][\/et_pb_row][\/et_pb_section]","protected":false},"excerpt":{"rendered":"<p>Conhe\u00e7a os Nossos Recursos! Gra\u00e7as ao excelente trabalho de todos os desenvolvedores de servi\u00e7os, CMS, temas e plugins que a CG Epic est\u00e1 usando esses recursos para tornar o site mais agrad\u00e1vel de navegar! Ent\u00e3o confira esta lista para que voc\u00ea conhece e us\u00e1-los!Principais RecursosA HostGator \u00e9 uma empresa que presta servi\u00e7os de hospedagem de [&hellip;]<\/p>\n","protected":false},"author":1,"featured_media":0,"parent":0,"menu_order":0,"comment_status":"closed","ping_status":"closed","template":"page-template-fullwidth.php","meta":{"_et_pb_use_builder":"on","_et_pb_old_content":"<ul><li><strong>Hosting:<\/strong><ul><li>Hostgator<\/li><\/ul><\/li><li><strong>Site Framework:<\/strong><ul><li>Wordpress<\/li><\/ul><\/li><li><strong>WP Theme:<\/strong><ul><li>Extra by By Elegant Themes<\/li><\/ul><\/li><li><strong>WP Plugins:<\/strong><ul><li>Disqus<\/li><li>Font Awesome<\/li><li>Yoast SEO<\/li><li>qTranslate-X<\/li><li>GDPR Cookie Compliance<\/li><\/ul><\/li><\/ul>","_et_gb_content_width":"","footnotes":""},"yoast_head":"<!-- This site is optimized with the Yoast SEO plugin v19.5.1 - https:\/\/yoast.com\/wordpress\/plugins\/seo\/ -->\n<title>Cr\u00e9ditos do Site - CG Epic<\/title>\n<meta name=\"robots\" content=\"index, follow, max-snippet:-1, max-image-preview:large, max-video-preview:-1\" \/>\n<link rel=\"canonical\" href=\"https:\/\/cgepic.com\/pt\/site-credits\/\" \/>\n<meta property=\"og:locale\" content=\"pt_BR\" \/>\n<meta property=\"og:type\" content=\"article\" \/>\n<meta property=\"og:title\" content=\"Cr\u00e9ditos do Site - CG Epic\" \/>\n<meta property=\"og:description\" content=\"Conhe\u00e7a os Nossos Recursos! Gra\u00e7as ao excelente trabalho de todos os desenvolvedores de servi\u00e7os, CMS, temas e plugins que a CG Epic est\u00e1 usando esses recursos para tornar o site mais agrad\u00e1vel de navegar! Ent\u00e3o confira esta lista para que voc\u00ea conhece e us\u00e1-los!Principais RecursosA HostGator \u00e9 uma empresa que presta servi\u00e7os de hospedagem de [&hellip;]\" \/>\n<meta property=\"og:url\" content=\"https:\/\/cgepic.com\/pt\/site-credits\/\" \/>\n<meta property=\"og:site_name\" content=\"CG Epic\" \/>\n<meta property=\"article:modified_time\" content=\"2019-06-24T20:20:43+00:00\" \/>\n<meta name=\"twitter:card\" content=\"summary_large_image\" \/>\n<meta name=\"twitter:label1\" content=\"Est. tempo de leitura\" \/>\n\t<meta name=\"twitter:data1\" content=\"7 minutos\" \/>\n<script type=\"application\/ld+json\" class=\"yoast-schema-graph\">{\"@context\":\"https:\/\/schema.org\",\"@graph\":[{\"@type\":\"WebPage\",\"@id\":\"https:\/\/cgepic.com\/pt\/site-credits\/\",\"url\":\"https:\/\/cgepic.com\/pt\/site-credits\/\",\"name\":\"Cr\u00e9ditos do Site - CG Epic\",\"isPartOf\":{\"@id\":\"https:\/\/cgepic.com\/en\/#website\"},\"datePublished\":\"2019-05-11T23:05:12+00:00\",\"dateModified\":\"2019-06-24T20:20:43+00:00\",\"breadcrumb\":{\"@id\":\"https:\/\/cgepic.com\/pt\/site-credits\/#breadcrumb\"},\"inLanguage\":\"pt-BR\",\"potentialAction\":[{\"@type\":\"ReadAction\",\"target\":[\"https:\/\/cgepic.com\/pt\/site-credits\/\"]}]},{\"@type\":\"BreadcrumbList\",\"@id\":\"https:\/\/cgepic.com\/pt\/site-credits\/#breadcrumb\",\"itemListElement\":[{\"@type\":\"ListItem\",\"position\":1,\"name\":\"Home\",\"item\":\"https:\/\/cgepic.com\/en\/\"},{\"@type\":\"ListItem\",\"position\":2,\"name\":\"Cr\u00e9ditos do Site\"}]},{\"@type\":\"WebSite\",\"@id\":\"https:\/\/cgepic.com\/en\/#website\",\"url\":\"https:\/\/cgepic.com\/en\/\",\"name\":\"CG Epic\",\"description\":\"O blog \u00e9pico da Computa\u00e7\u00e3o Gr\u00e1fica!\",\"potentialAction\":[{\"@type\":\"SearchAction\",\"target\":{\"@type\":\"EntryPoint\",\"urlTemplate\":\"https:\/\/cgepic.com\/en\/?s={search_term_string}\"},\"query-input\":\"required name=search_term_string\"}],\"inLanguage\":\"pt-BR\"}]}<\/script>\n<!-- \/ Yoast SEO plugin. -->","yoast_head_json":{"title":"Cr\u00e9ditos do Site - CG Epic","robots":{"index":"index","follow":"follow","max-snippet":"max-snippet:-1","max-image-preview":"max-image-preview:large","max-video-preview":"max-video-preview:-1"},"canonical":"https:\/\/cgepic.com\/pt\/site-credits\/","og_locale":"pt_BR","og_type":"article","og_title":"Cr\u00e9ditos do Site - CG Epic","og_description":"Conhe\u00e7a os Nossos Recursos! Gra\u00e7as ao excelente trabalho de todos os desenvolvedores de servi\u00e7os, CMS, temas e plugins que a CG Epic est\u00e1 usando esses recursos para tornar o site mais agrad\u00e1vel de navegar! Ent\u00e3o confira esta lista para que voc\u00ea conhece e us\u00e1-los!Principais RecursosA HostGator \u00e9 uma empresa que presta servi\u00e7os de hospedagem de [&hellip;]","og_url":"https:\/\/cgepic.com\/pt\/site-credits\/","og_site_name":"CG Epic","article_modified_time":"2019-06-24T20:20:43+00:00","twitter_card":"summary_large_image","twitter_misc":{"Est. tempo de leitura":"7 minutos"},"schema":{"@context":"https:\/\/schema.org","@graph":[{"@type":"WebPage","@id":"https:\/\/cgepic.com\/pt\/site-credits\/","url":"https:\/\/cgepic.com\/pt\/site-credits\/","name":"Cr\u00e9ditos do Site - CG Epic","isPartOf":{"@id":"https:\/\/cgepic.com\/en\/#website"},"datePublished":"2019-05-11T23:05:12+00:00","dateModified":"2019-06-24T20:20:43+00:00","breadcrumb":{"@id":"https:\/\/cgepic.com\/pt\/site-credits\/#breadcrumb"},"inLanguage":"pt-BR","potentialAction":[{"@type":"ReadAction","target":["https:\/\/cgepic.com\/pt\/site-credits\/"]}]},{"@type":"BreadcrumbList","@id":"https:\/\/cgepic.com\/pt\/site-credits\/#breadcrumb","itemListElement":[{"@type":"ListItem","position":1,"name":"Home","item":"https:\/\/cgepic.com\/en\/"},{"@type":"ListItem","position":2,"name":"Cr\u00e9ditos do Site"}]},{"@type":"WebSite","@id":"https:\/\/cgepic.com\/en\/#website","url":"https:\/\/cgepic.com\/en\/","name":"CG Epic","description":"O blog \u00e9pico da Computa\u00e7\u00e3o Gr\u00e1fica!","potentialAction":[{"@type":"SearchAction","target":{"@type":"EntryPoint","urlTemplate":"https:\/\/cgepic.com\/en\/?s={search_term_string}"},"query-input":"required name=search_term_string"}],"inLanguage":"pt-BR"}]}},"_links":{"self":[{"href":"https:\/\/cgepic.com\/pt\/wp-json\/wp\/v2\/pages\/1148"}],"collection":[{"href":"https:\/\/cgepic.com\/pt\/wp-json\/wp\/v2\/pages"}],"about":[{"href":"https:\/\/cgepic.com\/pt\/wp-json\/wp\/v2\/types\/page"}],"author":[{"embeddable":true,"href":"https:\/\/cgepic.com\/pt\/wp-json\/wp\/v2\/users\/1"}],"replies":[{"embeddable":true,"href":"https:\/\/cgepic.com\/pt\/wp-json\/wp\/v2\/comments?post=1148"}],"version-history":[{"count":3,"href":"https:\/\/cgepic.com\/pt\/wp-json\/wp\/v2\/pages\/1148\/revisions"}],"predecessor-version":[{"id":1754,"href":"https:\/\/cgepic.com\/pt\/wp-json\/wp\/v2\/pages\/1148\/revisions\/1754"}],"wp:attachment":[{"href":"https:\/\/cgepic.com\/pt\/wp-json\/wp\/v2\/media?parent=1148"}],"curies":[{"name":"wp","href":"https:\/\/api.w.org\/{rel}","templated":true}]}}